{"id":3290,"date":"2018-08-16T04:10:17","date_gmt":"2018-08-16T04:10:17","guid":{"rendered":"https:\/\/www.aljaziradeals.com\/contact\/"},"modified":"2025-03-13T00:49:12","modified_gmt":"2025-03-13T00:49:12","slug":"contact","status":"publish","type":"page","link":"https:\/\/www.aljaziradeals.com\/fr\/contact\/","title":{"rendered":"Contact"},"content":{"rendered":"<div class=\"wpb-content-wrapper\"><p>[vc_row][vc_column]<div class=\"ba-empty-space \" style=\"\"><div class=\"ba_empty_space_lg\"  style=\"height: 60px\"><\/div><div class=\"ba_empty_space_md\"  style=\"height: 60px\"><\/div><div class=\"ba_empty_space_xs\"  style=\"height: 60px\"><\/div><\/div>[\/vc_column][\/vc_row][vc_row disable_element=\u00a0\u00bbyes\u00a0\u00bb][vc_column]<div class=\"dl-contact-box \">\n\t\t\t\t<div class=\"row\">\n\t\t\t\t\t<div class=\"col-md-7 col-sm-12 col-xs-12 contact-box-content\">\n\t\t\t\t\t\t<div class=\"left-box-ct\">\n\t\t\t\t\t\t\t<div class='delaware-section-title  delaware_title-type-4 row' >\n\t\t\t\t<h3 class='col-xs-12 col-sm-12 text-center title no-underline' style=''>CONTACT US<\/h3>\n\t\t\t\t \n\t\t\t<\/div>\n\t\t\t\t\t\t\t<div class=\"sub-title\">Our customer support team is available 7\/7 from 9:00 to 19:00.<\/div><div class=\"des-contact-box\"><\/div>\n\t\t\t\t\t\t\t<div><ul class=\"address-ct-box\"><li><span>Dubai<\/span>Al Garhoud, Sharjah Bank Building, <br>\nFloor 3, N\u00b0303<br>\nDubai, United Arab Emirates <br>\n<div class=\"hot-number\">+971 50 894 1912<\/div><\/li><li><span>Marrakech<\/span>74 Avenue My Rachid, Imm Mjadli 2<sup>\u00e8me<\/sup> \u00e9tage Appt N\u00b08<br>\nMarrakech, Morocco <br>\n<div class=\"hot-number\">+971 508 941 912<\/div><\/li><\/ul><ul class=\"extra-ct-box\"><li><span>WhatsApp: <\/span>+971 508 941 912<\/li><li><span>Email: <\/span>contact@aljaziradeals.com<\/li><\/ul><\/div>\n\t\t\t\t\t\t<\/div>\n\t\t\t\t\t<\/div>\n\t\t\t\t\t<div class=\"col-md-5 col-sm-12 col-xs-12 contact-box-form\">\n\t\t\t\t\t\t<div class=\"form-ct-box\"><div class='delaware-section-title  delaware_title-type-4 row' >\n\t\t\t\t<h3 class='col-xs-12 col-sm-12 text-center title no-underline' style=''>Send Us A Quick Message<\/h3>\n\t\t\t\t \n\t\t\t<\/div> <div class=\"dl-contact-form-7 form-light \" style=\"\">[contact-form-7 id=\"1967\" title=\"  \"]<\/div><\/div>\n\t\t\t\t\t<\/div>\n\t\t\t\t<\/div>\n \t\t\t<\/div>[\/vc_column][\/vc_row][vc_row][vc_column width=\u00a0\u00bb1\/2&Prime;][vc_column_text css=\u00a0\u00bb\u00a0\u00bb]<\/p>\n<h3><strong>APPELEZ NOUS \/ VENEZ NOUS VOIR<\/strong><\/h3>\n<p>[\/vc_column_text]<div class=\"ba-empty-space \" style=\"\"><div class=\"ba_empty_space_lg\"  style=\"height: 30px\"><\/div><div class=\"ba_empty_space_md\"  style=\"height: 30px\"><\/div><div class=\"ba_empty_space_xs\"  style=\"height: 30px\"><\/div><\/div>[vc_single_image image=\u00a0\u00bb3180&Prime; img_size=\u00a0\u00bbfull\u00a0\u00bb css=\u00a0\u00bb\u00a0\u00bb]<div class=\"ba-empty-space \" style=\"\"><div class=\"ba_empty_space_lg\"  style=\"height: 30px\"><\/div><div class=\"ba_empty_space_md\"  style=\"height: 30px\"><\/div><div class=\"ba_empty_space_xs\"  style=\"height: 30px\"><\/div><\/div>[vc_row_inner][vc_column_inner width=\u00a0\u00bb1\/2&Prime;][vc_column_text css=\u00a0\u00bb\u00a0\u00bb]<\/p>\n<h4>Duba\u00ef<\/h4>\n<p>Al Garhoud, Sharjah Bank Building,<br \/>\n3<sup>\u00e8me<\/sup>\u00a0\u00e9tage, N\u00b0303<br \/>\nDuba\u00ef, \u00c9mirats Arabes Unis<\/p>\n<h5 class=\"hot-number\">+971 50 894 1912<\/h5>\n<p>[\/vc_column_text][\/vc_column_inner][vc_column_inner width=\u00a0\u00bb1\/2&Prime;][vc_column_text css=\u00a0\u00bb\u00a0\u00bb]<\/p>\n<h4>Marrakech<\/h4>\n<p>74 Avenue My Rachid, Imm Mjadli<br \/>\n2<sup>\u00e8me<\/sup> \u00e9tage Appt N\u00b08<br \/>\nMarrakech, Maroc<\/p>\n<h5 class=\"hot-number\">+212 613 744 273<\/h5>\n<p>[\/vc_column_text][\/vc_column_inner][\/vc_row_inner][\/vc_column][vc_column width=\u00a0\u00bb1\/2&Prime;][vc_column_text css=\u00a0\u00bb\u00a0\u00bb]<\/p>\n<h3><strong>\u00c9CRIVEZ NOUS<\/strong><\/h3>\n<p>[\/vc_column_text]<style id=\"wpforms-css-vars-3260\">\n\t\t\t\t#wpforms-3260 {\n\t\t\t\t\n\t\t\t}\n\t\t\t<\/style><div class=\"wpforms-container wpforms-container-full wpforms-render-modern\" id=\"wpforms-3260\"><form id=\"wpforms-form-3260\" class=\"wpforms-validate wpforms-form wpforms-ajax-form\" data-formid=\"3260\" method=\"post\" enctype=\"multipart\/form-data\" action=\"\/fr\/wp-json\/wp\/v2\/pages\/3290\" data-token=\"cce68262912b2fb2dbfe56f221f4985a\" data-token-time=\"1778334036\"><noscript class=\"wpforms-error-noscript\">Veuillez activer JavaScript dans votre navigateur pour remplir ce formulaire.<\/noscript><div id=\"wpforms-error-noscript\" style=\"display: none;\">Veuillez activer JavaScript dans votre navigateur pour remplir ce formulaire.<\/div><div class=\"wpforms-field-container\">\t\t<div id=\"wpforms-3260-field_4-container\"\n\t\t\tclass=\"wpforms-field wpforms-field-text\"\n\t\t\tdata-field-type=\"text\"\n\t\t\tdata-field-id=\"4\"\n\t\t\t>\n\t\t\t<label class=\"wpforms-field-label\" for=\"wpforms-3260-field_4\" >Votre Nom Num\u00e9ro<\/label>\n\t\t\t<input type=\"text\" id=\"wpforms-3260-field_4\" class=\"wpforms-field-medium\" name=\"wpforms[fields][4]\" >\n\t\t<\/div>\n\t\t<div id=\"wpforms-3260-field_1-container\" class=\"wpforms-field wpforms-field-name\" data-field-id=\"1\"><fieldset><legend class=\"wpforms-field-label\">Votre Nom <span class=\"wpforms-required-label\" aria-hidden=\"true\">*<\/span><\/legend><div class=\"wpforms-field-row wpforms-field-large\"><div class=\"wpforms-field-row-block wpforms-first wpforms-one-half\"><input type=\"text\" id=\"wpforms-3260-field_1\" class=\"wpforms-field-name-first wpforms-field-required\" name=\"wpforms[fields][1][first]\" placeholder=\"Pr\u00e9nom\" aria-errormessage=\"wpforms-3260-field_1-error\" required><label for=\"wpforms-3260-field_1\" class=\"wpforms-field-sublabel after wpforms-sublabel-hide\">First<\/label><\/div><div class=\"wpforms-field-row-block wpforms-one-half\"><input type=\"text\" id=\"wpforms-3260-field_1-last\" class=\"wpforms-field-name-last wpforms-field-required\" name=\"wpforms[fields][1][last]\" placeholder=\"Nom\" aria-errormessage=\"wpforms-3260-field_1-last-error\" required><label for=\"wpforms-3260-field_1-last\" class=\"wpforms-field-sublabel after wpforms-sublabel-hide\">Last<\/label><\/div><\/div><\/fieldset><\/div><div id=\"wpforms-3260-field_6-container\" class=\"wpforms-field wpforms-field-layout\" data-field-id=\"6\"><div class=\"wpforms-field-layout-rows wpforms-field-large\"><div class=\"wpforms-layout-row\"><div class=\"wpforms-layout-column wpforms-layout-column-50\"><div id=\"wpforms-3260-field_5-container\" class=\"wpforms-field wpforms-field-number\" data-field-id=\"5\"><label class=\"wpforms-field-label\" for=\"wpforms-3260-field_5\">Votre Num\u00e9ro de T\u00e9l\u00e9phone<\/label><input type=\"number\" id=\"wpforms-3260-field_5\" class=\"wpforms-field-large\" name=\"wpforms[fields][5]\" step=\"any\" aria-errormessage=\"wpforms-3260-field_5-error\" ><\/div><\/div><div class=\"wpforms-layout-column wpforms-layout-column-50\"><div id=\"wpforms-3260-field_2-container\" class=\"wpforms-field wpforms-field-email\" data-field-id=\"2\"><label class=\"wpforms-field-label\" for=\"wpforms-3260-field_2\">Votre Email <span class=\"wpforms-required-label\" aria-hidden=\"true\">*<\/span><\/label><input type=\"email\" id=\"wpforms-3260-field_2\" class=\"wpforms-field-large wpforms-field-required\" name=\"wpforms[fields][2]\" spellcheck=\"false\" aria-errormessage=\"wpforms-3260-field_2-error\" required><\/div><\/div><\/div><\/div><\/div><div id=\"wpforms-3260-field_3-container\" class=\"wpforms-field wpforms-field-textarea\" data-field-id=\"3\"><label class=\"wpforms-field-label\" for=\"wpforms-3260-field_3\">Votre Message <span class=\"wpforms-required-label\" aria-hidden=\"true\">*<\/span><\/label><textarea id=\"wpforms-3260-field_3\" class=\"wpforms-field-medium wpforms-field-required\" name=\"wpforms[fields][3]\" aria-errormessage=\"wpforms-3260-field_3-error\" required><\/textarea><\/div><script>\n\t\t\t\t( function() {\n\t\t\t\t\tconst style = document.createElement( 'style' );\n\t\t\t\t\tstyle.appendChild( document.createTextNode( '#wpforms-3260-field_4-container { position: absolute !important; overflow: hidden !important; display: inline !important; height: 1px !important; width: 1px !important; z-index: -1000 !important; padding: 0 !important; } #wpforms-3260-field_4-container input { visibility: hidden; } #wpforms-conversational-form-page #wpforms-3260-field_4-container label { counter-increment: none; }' ) );\n\t\t\t\t\tdocument.head.appendChild( style );\n\t\t\t\t\tdocument.currentScript?.remove();\n\t\t\t\t} )();\n\t\t\t<\/script><\/div><!-- .wpforms-field-container --><div class=\"wpforms-recaptcha-container wpforms-is-recaptcha wpforms-is-recaptcha-type-v2\" ><div class=\"g-recaptcha\" data-sitekey=\"6LdMs_IqAAAAAA-gi6yP23Ku5U1vrRAapJ4SaCMF\"><\/div><input type=\"text\" name=\"g-recaptcha-hidden\" class=\"wpforms-recaptcha-hidden\" style=\"position:absolute!important;clip:rect(0,0,0,0)!important;height:1px!important;width:1px!important;border:0!important;overflow:hidden!important;padding:0!important;margin:0!important;\" data-rule-recaptcha=\"1\"><\/div><div class=\"wpforms-submit-container\" ><input type=\"hidden\" name=\"wpforms[id]\" value=\"3260\"><input type=\"hidden\" name=\"page_title\" value=\"\"><input type=\"hidden\" name=\"page_url\" value=\"https:\/\/www.aljaziradeals.com\/fr\/wp-json\/wp\/v2\/pages\/3290\"><input type=\"hidden\" name=\"url_referer\" value=\"\"><button type=\"submit\" name=\"wpforms[submit]\" id=\"wpforms-submit-3260\" class=\"wpforms-submit dl-btn-primary\" data-alt-text=\"Envoi...\" data-submit-text=\"Envoyer\" aria-live=\"assertive\" value=\"wpforms-submit\">Envoyer<\/button><img loading=\"lazy\" decoding=\"async\" src=\"https:\/\/www.aljaziradeals.com\/wp-content\/plugins\/wpforms\/assets\/images\/submit-spin.svg\" class=\"wpforms-submit-spinner\" style=\"display: none;\" width=\"26\" height=\"26\" alt=\"Chargement en cours\"><\/div><\/form><\/div>  <!-- .wpforms-container -->[\/vc_column][\/vc_row][vc_row][vc_column]<div class=\"ba-empty-space \" style=\"\"><div class=\"ba_empty_space_lg\"  style=\"height: 80px\"><\/div><div class=\"ba_empty_space_md\"  style=\"height: 80px\"><\/div><div class=\"ba_empty_space_xs\"  style=\"height: 80px\"><\/div><\/div>[\/vc_column][\/vc_row]<\/p>\n<\/div>","protected":false},"excerpt":{"rendered":"<p>[vc_row][vc_column][\/vc_column][\/vc_row][vc_row disable_element=\u00a0\u00bbyes\u00a0\u00bb][vc_column][\/vc_column][\/vc_row][vc_row][vc_column width=\u00a0\u00bb1\/2&Prime;][vc_column_text css=\u00a0\u00bb\u00a0\u00bb] APPELEZ NOUS \/ VENEZ NOUS VOIR [\/vc_column_text][vc_single_image image=\u00a0\u00bb3180&Prime; img_size=\u00a0\u00bbfull\u00a0\u00bb css=\u00a0\u00bb\u00a0\u00bb][vc_row_inner][vc_column_inner width=\u00a0\u00bb1\/2&Prime;][vc_column_text css=\u00a0\u00bb\u00a0\u00bb] Duba\u00ef Al Garhoud, Sharjah Bank Building, 3\u00e8me\u00a0\u00e9tage, N\u00b0303 Duba\u00ef, \u00c9mirats Arabes Unis +971 50 894 1912 [\/vc_column_text][\/vc_column_inner][vc_column_inner width=\u00a0\u00bb1\/2&Prime;][vc_column_text css=\u00a0\u00bb\u00a0\u00bb] Marrakech 74 Avenue My Rachid, Imm Mjadli 2\u00e8me \u00e9tage Appt N\u00b08 Marrakech, Maroc +212 613 744 273 [\/vc_column_text][\/vc_column_inner][\/vc_row_inner][\/vc_column][vc_column width=\u00a0\u00bb1\/2&Prime;][vc_column_text css=\u00a0\u00bb\u00a0\u00bb] [&hellip;]<\/p>\n","protected":false},"author":1,"featured_media":0,"parent":0,"menu_order":0,"comment_status":"closed","ping_status":"closed","template":"template-fullwidth.php","meta":{"footnotes":""},"class_list":["post-3290","page","type-page","status-publish","hentry","no-thumb"],"_links":{"self":[{"href":"https:\/\/www.aljaziradeals.com\/fr\/wp-json\/wp\/v2\/pages\/3290","targetHints":{"allow":["GET"]}}],"collection":[{"href":"https:\/\/www.aljaziradeals.com\/fr\/wp-json\/wp\/v2\/pages"}],"about":[{"href":"https:\/\/www.aljaziradeals.com\/fr\/wp-json\/wp\/v2\/types\/page"}],"author":[{"embeddable":true,"href":"https:\/\/www.aljaziradeals.com\/fr\/wp-json\/wp\/v2\/users\/1"}],"replies":[{"embeddable":true,"href":"https:\/\/www.aljaziradeals.com\/fr\/wp-json\/wp\/v2\/comments?post=3290"}],"version-history":[{"count":4,"href":"https:\/\/www.aljaziradeals.com\/fr\/wp-json\/wp\/v2\/pages\/3290\/revisions"}],"predecessor-version":[{"id":3294,"href":"https:\/\/www.aljaziradeals.com\/fr\/wp-json\/wp\/v2\/pages\/3290\/revisions\/3294"}],"wp:attachment":[{"href":"https:\/\/www.aljaziradeals.com\/fr\/wp-json\/wp\/v2\/media?parent=3290"}],"curies":[{"name":"wp","href":"https:\/\/api.w.org\/{rel}","templated":true}]}}